{"id":3068,"date":"2023-02-20T15:05:59","date_gmt":"2023-02-20T14:05:59","guid":{"rendered":"https:\/\/borgholmsslot1.wpenginepowered.com\/?page_id=3068"},"modified":"2026-03-30T14:24:26","modified_gmt":"2026-03-30T12:24:26","slug":"ett-besoek-foer-livet","status":"publish","type":"page","link":"https:\/\/www.borgholmsslott.se\/de\/","title":{"rendered":"Ein Besuch f\u00fcrs Leben"},"content":{"rendered":"<div class=\"hero__content\">\n<div class=\"post-excerpt\">\n<p><span class=\"TextRun SCXW115261629 BCX0\" lang=\"DE-DE\" xml:lang=\"DE-DE\" data-contrast=\"auto\"><span class=\"NormalTextRun SCXW115261629 BCX0\">Schlendern Sie durch das Schlossgel\u00e4nde und lassen Sie sich von der Geschichte beeindrucken! Genie\u00dfen Sie die fantastische Aussicht.<\/span><\/span><\/p>\n<\/div>\n<\/div>\n","protected":false},"excerpt":{"rendered":"<p>Schlendern Sie durch das Schlossgel\u00e4nde und lassen Sie sich von der Geschichte beeindrucken! Genie\u00dfen Sie die fantastische Aussicht.<\/p>\n","protected":false},"author":1,"featured_media":4979,"parent":0,"menu_order":0,"comment_status":"closed","ping_status":"closed","template":"","meta":{"_acf_changed":false,"_monsterinsights_skip_tracking":false,"_monsterinsights_sitenote_active":false,"_monsterinsights_sitenote_note":"","_monsterinsights_sitenote_category":0,"footnotes":""},"class_list":["post-3068","page","type-page","status-publish","has-post-thumbnail","hentry"],"acf":[],"yoast_head":"<!-- This site is optimized with the Yoast SEO plugin v27.3 - https:\/\/yoast.com\/product\/yoast-seo-wordpress\/ -->\n<title>Ein Besuch f\u00fcrs Leben - Borgholms slott<\/title>\n<meta name=\"description\" content=\"Schlendern Sie durch das Schlossgel\u00e4nde und lassen Sie sich von der Geschichte beeindrucken! Genie\u00dfen Sie die fantastische Aussicht.\" \/>\n<meta name=\"robots\" content=\"index, follow, max-snippet:-1, max-image-preview:large, max-video-preview:-1\" \/>\n<link rel=\"canonical\" href=\"https:\/\/www.borgholmsslott.se\/de\/\" \/>\n<meta property=\"og:locale\" content=\"de_DE\" \/>\n<meta property=\"og:type\" content=\"article\" \/>\n<meta property=\"og:title\" content=\"Ein Besuch f\u00fcrs Leben - Borgholms slott\" \/>\n<meta property=\"og:description\" content=\"Schlendern Sie durch das Schlossgel\u00e4nde und lassen Sie sich von der Geschichte beeindrucken! Genie\u00dfen Sie die fantastische Aussicht.\" \/>\n<meta property=\"og:url\" content=\"https:\/\/www.borgholmsslott.se\/de\/\" \/>\n<meta property=\"og:site_name\" content=\"Borgholms slott\" \/>\n<meta property=\"article:publisher\" content=\"https:\/\/www.facebook.com\/borgholmsslott\" \/>\n<meta property=\"article:modified_time\" content=\"2026-03-30T12:24:26+00:00\" \/>\n<meta property=\"og:image\" content=\"https:\/\/www.borgholmsslott.se\/wp-content\/uploads\/2025\/12\/Icons_of_Power_Andreas_Englund_1.jpg\" \/>\n\t<meta property=\"og:image:width\" content=\"1500\" \/>\n\t<meta property=\"og:image:height\" content=\"1235\" \/>\n\t<meta property=\"og:image:type\" content=\"image\/jpeg\" \/>\n<meta name=\"twitter:card\" content=\"summary_large_image\" \/>\n<meta name=\"twitter:label1\" content=\"Est. reading time\" \/>\n\t<meta name=\"twitter:data1\" content=\"2 Minuten\" \/>\n<script type=\"application\/ld+json\" class=\"yoast-schema-graph\">{\"@context\":\"https:\\\/\\\/schema.org\",\"@graph\":[{\"@type\":\"WebPage\",\"@id\":\"https:\\\/\\\/www.borgholmsslott.se\\\/de\\\/\",\"url\":\"https:\\\/\\\/www.borgholmsslott.se\\\/de\\\/\",\"name\":\"Ein Besuch f\u00fcrs Leben - Borgholms slott\",\"isPartOf\":{\"@id\":\"https:\\\/\\\/www.borgholmsslott.se\\\/#website\"},\"primaryImageOfPage\":{\"@id\":\"https:\\\/\\\/www.borgholmsslott.se\\\/de\\\/#primaryimage\"},\"image\":{\"@id\":\"https:\\\/\\\/www.borgholmsslott.se\\\/de\\\/#primaryimage\"},\"thumbnailUrl\":\"https:\\\/\\\/www.borgholmsslott.se\\\/wp-content\\\/uploads\\\/2025\\\/12\\\/Icons_of_Power_Andreas_Englund_1.jpg\",\"datePublished\":\"2023-02-20T14:05:59+00:00\",\"dateModified\":\"2026-03-30T12:24:26+00:00\",\"description\":\"Schlendern Sie durch das Schlossgel\u00e4nde und lassen Sie sich von der Geschichte beeindrucken! Genie\u00dfen Sie die fantastische Aussicht.\",\"breadcrumb\":{\"@id\":\"https:\\\/\\\/www.borgholmsslott.se\\\/de\\\/#breadcrumb\"},\"inLanguage\":\"de-DE\",\"potentialAction\":[{\"@type\":\"ReadAction\",\"target\":[\"https:\\\/\\\/www.borgholmsslott.se\\\/de\\\/\"]}]},{\"@type\":\"ImageObject\",\"inLanguage\":\"de-DE\",\"@id\":\"https:\\\/\\\/www.borgholmsslott.se\\\/de\\\/#primaryimage\",\"url\":\"https:\\\/\\\/www.borgholmsslott.se\\\/wp-content\\\/uploads\\\/2025\\\/12\\\/Icons_of_Power_Andreas_Englund_1.jpg\",\"contentUrl\":\"https:\\\/\\\/www.borgholmsslott.se\\\/wp-content\\\/uploads\\\/2025\\\/12\\\/Icons_of_Power_Andreas_Englund_1.jpg\",\"width\":1500,\"height\":1235},{\"@type\":\"BreadcrumbList\",\"@id\":\"https:\\\/\\\/www.borgholmsslott.se\\\/de\\\/#breadcrumb\",\"itemListElement\":[{\"@type\":\"ListItem\",\"position\":1,\"name\":\"Hem\",\"item\":\"https:\\\/\\\/www.borgholmsslott.se\\\/de\\\/\"},{\"@type\":\"ListItem\",\"position\":2,\"name\":\"Ein Besuch f\u00fcrs Leben\"}]},{\"@type\":\"WebSite\",\"@id\":\"https:\\\/\\\/www.borgholmsslott.se\\\/#website\",\"url\":\"https:\\\/\\\/www.borgholmsslott.se\\\/\",\"name\":\"Borgholms slott\",\"description\":\"En till WordPress-webbplats\",\"potentialAction\":[{\"@type\":\"SearchAction\",\"target\":{\"@type\":\"EntryPoint\",\"urlTemplate\":\"https:\\\/\\\/www.borgholmsslott.se\\\/?s={search_term_string}\"},\"query-input\":{\"@type\":\"PropertyValueSpecification\",\"valueRequired\":true,\"valueName\":\"search_term_string\"}}],\"inLanguage\":\"de-DE\"}]}<\/script>\n<!-- \/ Yoast SEO plugin. -->","yoast_head_json":{"title":"Ein Besuch f\u00fcrs Leben - Borgholms slott","description":"Schlendern Sie durch das Schlossgel\u00e4nde und lassen Sie sich von der Geschichte beeindrucken! Genie\u00dfen Sie die fantastische Aussicht.","robots":{"index":"index","follow":"follow","max-snippet":"max-snippet:-1","max-image-preview":"max-image-preview:large","max-video-preview":"max-video-preview:-1"},"canonical":"https:\/\/www.borgholmsslott.se\/de\/","og_locale":"de_DE","og_type":"article","og_title":"Ein Besuch f\u00fcrs Leben - Borgholms slott","og_description":"Schlendern Sie durch das Schlossgel\u00e4nde und lassen Sie sich von der Geschichte beeindrucken! Genie\u00dfen Sie die fantastische Aussicht.","og_url":"https:\/\/www.borgholmsslott.se\/de\/","og_site_name":"Borgholms slott","article_publisher":"https:\/\/www.facebook.com\/borgholmsslott","article_modified_time":"2026-03-30T12:24:26+00:00","og_image":[{"width":1500,"height":1235,"url":"https:\/\/www.borgholmsslott.se\/wp-content\/uploads\/2025\/12\/Icons_of_Power_Andreas_Englund_1.jpg","type":"image\/jpeg"}],"twitter_card":"summary_large_image","twitter_misc":{"Est. reading time":"2 Minuten"},"schema":{"@context":"https:\/\/schema.org","@graph":[{"@type":"WebPage","@id":"https:\/\/www.borgholmsslott.se\/de\/","url":"https:\/\/www.borgholmsslott.se\/de\/","name":"Ein Besuch f\u00fcrs Leben - Borgholms slott","isPartOf":{"@id":"https:\/\/www.borgholmsslott.se\/#website"},"primaryImageOfPage":{"@id":"https:\/\/www.borgholmsslott.se\/de\/#primaryimage"},"image":{"@id":"https:\/\/www.borgholmsslott.se\/de\/#primaryimage"},"thumbnailUrl":"https:\/\/www.borgholmsslott.se\/wp-content\/uploads\/2025\/12\/Icons_of_Power_Andreas_Englund_1.jpg","datePublished":"2023-02-20T14:05:59+00:00","dateModified":"2026-03-30T12:24:26+00:00","description":"Schlendern Sie durch das Schlossgel\u00e4nde und lassen Sie sich von der Geschichte beeindrucken! Genie\u00dfen Sie die fantastische Aussicht.","breadcrumb":{"@id":"https:\/\/www.borgholmsslott.se\/de\/#breadcrumb"},"inLanguage":"de-DE","potentialAction":[{"@type":"ReadAction","target":["https:\/\/www.borgholmsslott.se\/de\/"]}]},{"@type":"ImageObject","inLanguage":"de-DE","@id":"https:\/\/www.borgholmsslott.se\/de\/#primaryimage","url":"https:\/\/www.borgholmsslott.se\/wp-content\/uploads\/2025\/12\/Icons_of_Power_Andreas_Englund_1.jpg","contentUrl":"https:\/\/www.borgholmsslott.se\/wp-content\/uploads\/2025\/12\/Icons_of_Power_Andreas_Englund_1.jpg","width":1500,"height":1235},{"@type":"BreadcrumbList","@id":"https:\/\/www.borgholmsslott.se\/de\/#breadcrumb","itemListElement":[{"@type":"ListItem","position":1,"name":"Hem","item":"https:\/\/www.borgholmsslott.se\/de\/"},{"@type":"ListItem","position":2,"name":"Ein Besuch f\u00fcrs Leben"}]},{"@type":"WebSite","@id":"https:\/\/www.borgholmsslott.se\/#website","url":"https:\/\/www.borgholmsslott.se\/","name":"Borgholms slott","description":"En till WordPress-webbplats","potentialAction":[{"@type":"SearchAction","target":{"@type":"EntryPoint","urlTemplate":"https:\/\/www.borgholmsslott.se\/?s={search_term_string}"},"query-input":{"@type":"PropertyValueSpecification","valueRequired":true,"valueName":"search_term_string"}}],"inLanguage":"de-DE"}]}},"publishpress_future_workflow_manual_trigger":{"enabledWorkflows":[]},"_links":{"self":[{"href":"https:\/\/www.borgholmsslott.se\/de\/wp-json\/wp\/v2\/pages\/3068","targetHints":{"allow":["GET"]}}],"collection":[{"href":"https:\/\/www.borgholmsslott.se\/de\/wp-json\/wp\/v2\/pages"}],"about":[{"href":"https:\/\/www.borgholmsslott.se\/de\/wp-json\/wp\/v2\/types\/page"}],"author":[{"embeddable":true,"href":"https:\/\/www.borgholmsslott.se\/de\/wp-json\/wp\/v2\/users\/1"}],"replies":[{"embeddable":true,"href":"https:\/\/www.borgholmsslott.se\/de\/wp-json\/wp\/v2\/comments?post=3068"}],"version-history":[{"count":0,"href":"https:\/\/www.borgholmsslott.se\/de\/wp-json\/wp\/v2\/pages\/3068\/revisions"}],"wp:featuredmedia":[{"embeddable":true,"href":"https:\/\/www.borgholmsslott.se\/de\/wp-json\/wp\/v2\/media\/4979"}],"wp:attachment":[{"href":"https:\/\/www.borgholmsslott.se\/de\/wp-json\/wp\/v2\/media?parent=3068"}],"curies":[{"name":"wp","href":"https:\/\/api.w.org\/{rel}","templated":true}]}}