{"id":3070,"date":"2023-02-20T15:06:38","date_gmt":"2023-02-20T14:06:38","guid":{"rendered":"https:\/\/borgholmsslot1.wpenginepowered.com\/?page_id=3070"},"modified":"2026-04-15T15:53:38","modified_gmt":"2026-04-15T13:53:38","slug":"die-alte-kirche-von-kaella","status":"publish","type":"page","link":"https:\/\/www.borgholmsslott.se\/de\/die-alte-kirche-von-kaella\/","title":{"rendered":"Die alte Kirche von K\u00e4lla"},"content":{"rendered":"","protected":false},"excerpt":{"rendered":"<p>Die Alte Kirche von K\u00e4lla ist eine der am besten erhaltenen Wehrkirchen Schwedens und liegt an der Stra\u00dfe nach K\u00e4llahamn. Das Geb\u00e4ude enth\u00e4lt die \u00dcberreste einer romanischen Kirche, die wahrscheinlich in der zweiten H\u00e4lfte des 12.\u202fJahrhunderts erbaut wurde.<\/p>\n","protected":false},"author":1,"featured_media":2930,"parent":0,"menu_order":0,"comment_status":"closed","ping_status":"closed","template":"","meta":{"_acf_changed":false,"_monsterinsights_skip_tracking":false,"_monsterinsights_sitenote_active":false,"_monsterinsights_sitenote_note":"","_monsterinsights_sitenote_category":0,"footnotes":""},"class_list":["post-3070","page","type-page","status-publish","has-post-thumbnail","hentry"],"acf":[],"yoast_head":"<!-- This site is optimized with the Yoast SEO plugin v27.5 - https:\/\/yoast.com\/product\/yoast-seo-wordpress\/ -->\n<title>Die alte Kirche von K\u00e4lla - Borgholms slott<\/title>\n<meta name=\"description\" content=\"Die Alte Kirche von K\u00e4lla ist eine der am besten erhaltenen Wehrkirchen Schwedens und liegt an der Stra\u00dfe nach K\u00e4llahamn. Das Geb\u00e4ude enth\u00e4lt die \u00dcberreste einer romanischen Kirche, die wahrscheinlich in der zweiten H\u00e4lfte des 12.\u202fJahrhunderts erbaut wurde.\" \/>\n<meta name=\"robots\" content=\"index, follow, max-snippet:-1, max-image-preview:large, max-video-preview:-1\" \/>\n<link rel=\"canonical\" href=\"https:\/\/www.borgholmsslott.se\/de\/die-alte-kirche-von-kaella\/\" \/>\n<meta property=\"og:locale\" content=\"de_DE\" \/>\n<meta property=\"og:type\" content=\"article\" \/>\n<meta property=\"og:title\" content=\"Die alte Kirche von K\u00e4lla - Borgholms slott\" \/>\n<meta property=\"og:description\" content=\"Die Alte Kirche von K\u00e4lla ist eine der am besten erhaltenen Wehrkirchen Schwedens und liegt an der Stra\u00dfe nach K\u00e4llahamn. Das Geb\u00e4ude enth\u00e4lt die \u00dcberreste einer romanischen Kirche, die wahrscheinlich in der zweiten H\u00e4lfte des 12.\u202fJahrhunderts erbaut wurde.\" \/>\n<meta property=\"og:url\" content=\"https:\/\/www.borgholmsslott.se\/de\/die-alte-kirche-von-kaella\/\" \/>\n<meta property=\"og:site_name\" content=\"Borgholms slott\" \/>\n<meta property=\"article:publisher\" content=\"https:\/\/www.facebook.com\/borgholmsslott\" \/>\n<meta property=\"article:modified_time\" content=\"2026-04-15T13:53:38+00:00\" \/>\n<meta property=\"og:image\" content=\"https:\/\/www.borgholmsslott.se\/wp-content\/uploads\/2022\/03\/Kalla_GA_Kyrka_1400.jpg\" \/>\n\t<meta property=\"og:image:width\" content=\"1400\" \/>\n\t<meta property=\"og:image:height\" content=\"662\" \/>\n\t<meta property=\"og:image:type\" content=\"image\/jpeg\" \/>\n<meta name=\"twitter:card\" content=\"summary_large_image\" \/>\n<meta name=\"twitter:label1\" content=\"Est. reading time\" \/>\n\t<meta name=\"twitter:data1\" content=\"2 Minuten\" \/>\n<script type=\"application\/ld+json\" class=\"yoast-schema-graph\">{\"@context\":\"https:\\\/\\\/schema.org\",\"@graph\":[{\"@type\":\"WebPage\",\"@id\":\"https:\\\/\\\/www.borgholmsslott.se\\\/de\\\/die-alte-kirche-von-kaella\\\/\",\"url\":\"https:\\\/\\\/www.borgholmsslott.se\\\/de\\\/die-alte-kirche-von-kaella\\\/\",\"name\":\"Die alte Kirche von K\u00e4lla - Borgholms slott\",\"isPartOf\":{\"@id\":\"https:\\\/\\\/www.borgholmsslott.se\\\/#website\"},\"primaryImageOfPage\":{\"@id\":\"https:\\\/\\\/www.borgholmsslott.se\\\/de\\\/die-alte-kirche-von-kaella\\\/#primaryimage\"},\"image\":{\"@id\":\"https:\\\/\\\/www.borgholmsslott.se\\\/de\\\/die-alte-kirche-von-kaella\\\/#primaryimage\"},\"thumbnailUrl\":\"https:\\\/\\\/www.borgholmsslott.se\\\/wp-content\\\/uploads\\\/2022\\\/03\\\/Kalla_GA_Kyrka_1400.jpg\",\"datePublished\":\"2023-02-20T14:06:38+00:00\",\"dateModified\":\"2026-04-15T13:53:38+00:00\",\"description\":\"Die Alte Kirche von K\u00e4lla ist eine der am besten erhaltenen Wehrkirchen Schwedens und liegt an der Stra\u00dfe nach K\u00e4llahamn. Das Geb\u00e4ude enth\u00e4lt die \u00dcberreste einer romanischen Kirche, die wahrscheinlich in der zweiten H\u00e4lfte des 12.\u202fJahrhunderts erbaut wurde.\",\"breadcrumb\":{\"@id\":\"https:\\\/\\\/www.borgholmsslott.se\\\/de\\\/die-alte-kirche-von-kaella\\\/#breadcrumb\"},\"inLanguage\":\"de-DE\",\"potentialAction\":[{\"@type\":\"ReadAction\",\"target\":[\"https:\\\/\\\/www.borgholmsslott.se\\\/de\\\/die-alte-kirche-von-kaella\\\/\"]}]},{\"@type\":\"ImageObject\",\"inLanguage\":\"de-DE\",\"@id\":\"https:\\\/\\\/www.borgholmsslott.se\\\/de\\\/die-alte-kirche-von-kaella\\\/#primaryimage\",\"url\":\"https:\\\/\\\/www.borgholmsslott.se\\\/wp-content\\\/uploads\\\/2022\\\/03\\\/Kalla_GA_Kyrka_1400.jpg\",\"contentUrl\":\"https:\\\/\\\/www.borgholmsslott.se\\\/wp-content\\\/uploads\\\/2022\\\/03\\\/Kalla_GA_Kyrka_1400.jpg\",\"width\":1400,\"height\":662},{\"@type\":\"BreadcrumbList\",\"@id\":\"https:\\\/\\\/www.borgholmsslott.se\\\/de\\\/die-alte-kirche-von-kaella\\\/#breadcrumb\",\"itemListElement\":[{\"@type\":\"ListItem\",\"position\":1,\"name\":\"Hem\",\"item\":\"https:\\\/\\\/www.borgholmsslott.se\\\/de\\\/\"},{\"@type\":\"ListItem\",\"position\":2,\"name\":\"Die alte Kirche von K\u00e4lla\"}]},{\"@type\":\"WebSite\",\"@id\":\"https:\\\/\\\/www.borgholmsslott.se\\\/#website\",\"url\":\"https:\\\/\\\/www.borgholmsslott.se\\\/\",\"name\":\"Borgholms slott\",\"description\":\"En till WordPress-webbplats\",\"potentialAction\":[{\"@type\":\"SearchAction\",\"target\":{\"@type\":\"EntryPoint\",\"urlTemplate\":\"https:\\\/\\\/www.borgholmsslott.se\\\/?s={search_term_string}\"},\"query-input\":{\"@type\":\"PropertyValueSpecification\",\"valueRequired\":true,\"valueName\":\"search_term_string\"}}],\"inLanguage\":\"de-DE\"}]}<\/script>\n<!-- \/ Yoast SEO plugin. -->","yoast_head_json":{"title":"Die alte Kirche von K\u00e4lla - Borgholms slott","description":"Die Alte Kirche von K\u00e4lla ist eine der am besten erhaltenen Wehrkirchen Schwedens und liegt an der Stra\u00dfe nach K\u00e4llahamn. Das Geb\u00e4ude enth\u00e4lt die \u00dcberreste einer romanischen Kirche, die wahrscheinlich in der zweiten H\u00e4lfte des 12.\u202fJahrhunderts erbaut wurde.","robots":{"index":"index","follow":"follow","max-snippet":"max-snippet:-1","max-image-preview":"max-image-preview:large","max-video-preview":"max-video-preview:-1"},"canonical":"https:\/\/www.borgholmsslott.se\/de\/die-alte-kirche-von-kaella\/","og_locale":"de_DE","og_type":"article","og_title":"Die alte Kirche von K\u00e4lla - Borgholms slott","og_description":"Die Alte Kirche von K\u00e4lla ist eine der am besten erhaltenen Wehrkirchen Schwedens und liegt an der Stra\u00dfe nach K\u00e4llahamn. Das Geb\u00e4ude enth\u00e4lt die \u00dcberreste einer romanischen Kirche, die wahrscheinlich in der zweiten H\u00e4lfte des 12.\u202fJahrhunderts erbaut wurde.","og_url":"https:\/\/www.borgholmsslott.se\/de\/die-alte-kirche-von-kaella\/","og_site_name":"Borgholms slott","article_publisher":"https:\/\/www.facebook.com\/borgholmsslott","article_modified_time":"2026-04-15T13:53:38+00:00","og_image":[{"width":1400,"height":662,"url":"https:\/\/www.borgholmsslott.se\/wp-content\/uploads\/2022\/03\/Kalla_GA_Kyrka_1400.jpg","type":"image\/jpeg"}],"twitter_card":"summary_large_image","twitter_misc":{"Est. reading time":"2 Minuten"},"schema":{"@context":"https:\/\/schema.org","@graph":[{"@type":"WebPage","@id":"https:\/\/www.borgholmsslott.se\/de\/die-alte-kirche-von-kaella\/","url":"https:\/\/www.borgholmsslott.se\/de\/die-alte-kirche-von-kaella\/","name":"Die alte Kirche von K\u00e4lla - Borgholms slott","isPartOf":{"@id":"https:\/\/www.borgholmsslott.se\/#website"},"primaryImageOfPage":{"@id":"https:\/\/www.borgholmsslott.se\/de\/die-alte-kirche-von-kaella\/#primaryimage"},"image":{"@id":"https:\/\/www.borgholmsslott.se\/de\/die-alte-kirche-von-kaella\/#primaryimage"},"thumbnailUrl":"https:\/\/www.borgholmsslott.se\/wp-content\/uploads\/2022\/03\/Kalla_GA_Kyrka_1400.jpg","datePublished":"2023-02-20T14:06:38+00:00","dateModified":"2026-04-15T13:53:38+00:00","description":"Die Alte Kirche von K\u00e4lla ist eine der am besten erhaltenen Wehrkirchen Schwedens und liegt an der Stra\u00dfe nach K\u00e4llahamn. Das Geb\u00e4ude enth\u00e4lt die \u00dcberreste einer romanischen Kirche, die wahrscheinlich in der zweiten H\u00e4lfte des 12.\u202fJahrhunderts erbaut wurde.","breadcrumb":{"@id":"https:\/\/www.borgholmsslott.se\/de\/die-alte-kirche-von-kaella\/#breadcrumb"},"inLanguage":"de-DE","potentialAction":[{"@type":"ReadAction","target":["https:\/\/www.borgholmsslott.se\/de\/die-alte-kirche-von-kaella\/"]}]},{"@type":"ImageObject","inLanguage":"de-DE","@id":"https:\/\/www.borgholmsslott.se\/de\/die-alte-kirche-von-kaella\/#primaryimage","url":"https:\/\/www.borgholmsslott.se\/wp-content\/uploads\/2022\/03\/Kalla_GA_Kyrka_1400.jpg","contentUrl":"https:\/\/www.borgholmsslott.se\/wp-content\/uploads\/2022\/03\/Kalla_GA_Kyrka_1400.jpg","width":1400,"height":662},{"@type":"BreadcrumbList","@id":"https:\/\/www.borgholmsslott.se\/de\/die-alte-kirche-von-kaella\/#breadcrumb","itemListElement":[{"@type":"ListItem","position":1,"name":"Hem","item":"https:\/\/www.borgholmsslott.se\/de\/"},{"@type":"ListItem","position":2,"name":"Die alte Kirche von K\u00e4lla"}]},{"@type":"WebSite","@id":"https:\/\/www.borgholmsslott.se\/#website","url":"https:\/\/www.borgholmsslott.se\/","name":"Borgholms slott","description":"En till WordPress-webbplats","potentialAction":[{"@type":"SearchAction","target":{"@type":"EntryPoint","urlTemplate":"https:\/\/www.borgholmsslott.se\/?s={search_term_string}"},"query-input":{"@type":"PropertyValueSpecification","valueRequired":true,"valueName":"search_term_string"}}],"inLanguage":"de-DE"}]}},"publishpress_future_workflow_manual_trigger":{"enabledWorkflows":[]},"_links":{"self":[{"href":"https:\/\/www.borgholmsslott.se\/de\/wp-json\/wp\/v2\/pages\/3070","targetHints":{"allow":["GET"]}}],"collection":[{"href":"https:\/\/www.borgholmsslott.se\/de\/wp-json\/wp\/v2\/pages"}],"about":[{"href":"https:\/\/www.borgholmsslott.se\/de\/wp-json\/wp\/v2\/types\/page"}],"author":[{"embeddable":true,"href":"https:\/\/www.borgholmsslott.se\/de\/wp-json\/wp\/v2\/users\/1"}],"replies":[{"embeddable":true,"href":"https:\/\/www.borgholmsslott.se\/de\/wp-json\/wp\/v2\/comments?post=3070"}],"version-history":[{"count":0,"href":"https:\/\/www.borgholmsslott.se\/de\/wp-json\/wp\/v2\/pages\/3070\/revisions"}],"wp:featuredmedia":[{"embeddable":true,"href":"https:\/\/www.borgholmsslott.se\/de\/wp-json\/wp\/v2\/media\/2930"}],"wp:attachment":[{"href":"https:\/\/www.borgholmsslott.se\/de\/wp-json\/wp\/v2\/media?parent=3070"}],"curies":[{"name":"wp","href":"https:\/\/api.w.org\/{rel}","templated":true}]}}