{"id":3126,"date":"2023-02-21T14:02:00","date_gmt":"2023-02-21T13:02:00","guid":{"rendered":"https:\/\/borgholmsslot1.wpenginepowered.com\/?page_id=3126"},"modified":"2026-03-23T07:16:52","modified_gmt":"2026-03-23T06:16:52","slug":"kinderschloss","status":"publish","type":"page","link":"https:\/\/www.borgholmsslott.se\/de\/kinderschloss\/","title":{"rendered":"Kinderschloss"},"content":{"rendered":"","protected":false},"excerpt":{"rendered":"<p>Im Sommer verwandeln sich der Schlosshof und die k\u00f6niglichen H\u00e4user in das \u201eKinderschloss\u201c mit aufregenden Aktivit\u00e4ten f\u00fcr Kinder. Hier k\u00f6nnen Sie gemeinsam auf eine spannende Entdeckungsreise im Schloss gehen, Ausstellungen erkunden oder an kniffligen Wettbewerben teilnehmen und sich zur Prinzessin oder zum Ritter schlagen lassen.<\/p>\n","protected":false},"author":1,"featured_media":3702,"parent":0,"menu_order":0,"comment_status":"closed","ping_status":"closed","template":"","meta":{"_acf_changed":false,"_monsterinsights_skip_tracking":false,"_monsterinsights_sitenote_active":false,"_monsterinsights_sitenote_note":"","_monsterinsights_sitenote_category":0,"footnotes":""},"class_list":["post-3126","page","type-page","status-publish","has-post-thumbnail","hentry"],"acf":[],"yoast_head":"<!-- This site is optimized with the Yoast SEO plugin v27.3 - https:\/\/yoast.com\/product\/yoast-seo-wordpress\/ -->\n<title>Kinderschloss - Borgholms slott<\/title>\n<meta name=\"description\" content=\"Im Sommer verwandeln sich der Schlosshof und die k\u00f6niglichen H\u00e4user in das \u201eKinderschloss\u201c mit aufregenden Aktivit\u00e4ten f\u00fcr Kinder. Hier k\u00f6nnen Sie gemeinsam auf eine spannende Entdeckungsreise im Schloss gehen, Ausstellungen erkunden oder an kniffligen Wettbewerben teilnehmen und sich zur Prinzessin oder zum Ritter schlagen lassen.\" \/>\n<meta name=\"robots\" content=\"index, follow, max-snippet:-1, max-image-preview:large, max-video-preview:-1\" \/>\n<link rel=\"canonical\" href=\"https:\/\/www.borgholmsslott.se\/de\/kinderschloss\/\" \/>\n<meta property=\"og:locale\" content=\"de_DE\" \/>\n<meta property=\"og:type\" content=\"article\" \/>\n<meta property=\"og:title\" content=\"Kinderschloss - Borgholms slott\" \/>\n<meta property=\"og:description\" content=\"Im Sommer verwandeln sich der Schlosshof und die k\u00f6niglichen H\u00e4user in das \u201eKinderschloss\u201c mit aufregenden Aktivit\u00e4ten f\u00fcr Kinder. Hier k\u00f6nnen Sie gemeinsam auf eine spannende Entdeckungsreise im Schloss gehen, Ausstellungen erkunden oder an kniffligen Wettbewerben teilnehmen und sich zur Prinzessin oder zum Ritter schlagen lassen.\" \/>\n<meta property=\"og:url\" content=\"https:\/\/www.borgholmsslott.se\/de\/kinderschloss\/\" \/>\n<meta property=\"og:site_name\" content=\"Borgholms slott\" \/>\n<meta property=\"article:publisher\" content=\"https:\/\/www.facebook.com\/borgholmsslott\" \/>\n<meta property=\"article:modified_time\" content=\"2026-03-23T06:16:52+00:00\" \/>\n<meta property=\"og:image\" content=\"https:\/\/www.borgholmsslott.se\/wp-content\/uploads\/2023\/07\/BORGHOLMS_SLOTT-23_webb.jpg\" \/>\n\t<meta property=\"og:image:width\" content=\"1500\" \/>\n\t<meta property=\"og:image:height\" content=\"1001\" \/>\n\t<meta property=\"og:image:type\" content=\"image\/jpeg\" \/>\n<meta name=\"twitter:card\" content=\"summary_large_image\" \/>\n<meta name=\"twitter:label1\" content=\"Est. reading time\" \/>\n\t<meta name=\"twitter:data1\" content=\"2 Minuten\" \/>\n<script type=\"application\/ld+json\" class=\"yoast-schema-graph\">{\"@context\":\"https:\\\/\\\/schema.org\",\"@graph\":[{\"@type\":\"WebPage\",\"@id\":\"https:\\\/\\\/www.borgholmsslott.se\\\/de\\\/kinderschloss\\\/\",\"url\":\"https:\\\/\\\/www.borgholmsslott.se\\\/de\\\/kinderschloss\\\/\",\"name\":\"Kinderschloss - Borgholms slott\",\"isPartOf\":{\"@id\":\"https:\\\/\\\/www.borgholmsslott.se\\\/#website\"},\"primaryImageOfPage\":{\"@id\":\"https:\\\/\\\/www.borgholmsslott.se\\\/de\\\/kinderschloss\\\/#primaryimage\"},\"image\":{\"@id\":\"https:\\\/\\\/www.borgholmsslott.se\\\/de\\\/kinderschloss\\\/#primaryimage\"},\"thumbnailUrl\":\"https:\\\/\\\/www.borgholmsslott.se\\\/wp-content\\\/uploads\\\/2023\\\/07\\\/BORGHOLMS_SLOTT-23_webb.jpg\",\"datePublished\":\"2023-02-21T13:02:00+00:00\",\"dateModified\":\"2026-03-23T06:16:52+00:00\",\"description\":\"Im Sommer verwandeln sich der Schlosshof und die k\u00f6niglichen H\u00e4user in das \u201eKinderschloss\u201c mit aufregenden Aktivit\u00e4ten f\u00fcr Kinder. Hier k\u00f6nnen Sie gemeinsam auf eine spannende Entdeckungsreise im Schloss gehen, Ausstellungen erkunden oder an kniffligen Wettbewerben teilnehmen und sich zur Prinzessin oder zum Ritter schlagen lassen.\",\"breadcrumb\":{\"@id\":\"https:\\\/\\\/www.borgholmsslott.se\\\/de\\\/kinderschloss\\\/#breadcrumb\"},\"inLanguage\":\"de-DE\",\"potentialAction\":[{\"@type\":\"ReadAction\",\"target\":[\"https:\\\/\\\/www.borgholmsslott.se\\\/de\\\/kinderschloss\\\/\"]}]},{\"@type\":\"ImageObject\",\"inLanguage\":\"de-DE\",\"@id\":\"https:\\\/\\\/www.borgholmsslott.se\\\/de\\\/kinderschloss\\\/#primaryimage\",\"url\":\"https:\\\/\\\/www.borgholmsslott.se\\\/wp-content\\\/uploads\\\/2023\\\/07\\\/BORGHOLMS_SLOTT-23_webb.jpg\",\"contentUrl\":\"https:\\\/\\\/www.borgholmsslott.se\\\/wp-content\\\/uploads\\\/2023\\\/07\\\/BORGHOLMS_SLOTT-23_webb.jpg\",\"width\":1500,\"height\":1001},{\"@type\":\"BreadcrumbList\",\"@id\":\"https:\\\/\\\/www.borgholmsslott.se\\\/de\\\/kinderschloss\\\/#breadcrumb\",\"itemListElement\":[{\"@type\":\"ListItem\",\"position\":1,\"name\":\"Hem\",\"item\":\"https:\\\/\\\/www.borgholmsslott.se\\\/de\\\/\"},{\"@type\":\"ListItem\",\"position\":2,\"name\":\"Kinderschloss\"}]},{\"@type\":\"WebSite\",\"@id\":\"https:\\\/\\\/www.borgholmsslott.se\\\/#website\",\"url\":\"https:\\\/\\\/www.borgholmsslott.se\\\/\",\"name\":\"Borgholms slott\",\"description\":\"En till WordPress-webbplats\",\"potentialAction\":[{\"@type\":\"SearchAction\",\"target\":{\"@type\":\"EntryPoint\",\"urlTemplate\":\"https:\\\/\\\/www.borgholmsslott.se\\\/?s={search_term_string}\"},\"query-input\":{\"@type\":\"PropertyValueSpecification\",\"valueRequired\":true,\"valueName\":\"search_term_string\"}}],\"inLanguage\":\"de-DE\"}]}<\/script>\n<!-- \/ Yoast SEO plugin. -->","yoast_head_json":{"title":"Kinderschloss - Borgholms slott","description":"Im Sommer verwandeln sich der Schlosshof und die k\u00f6niglichen H\u00e4user in das \u201eKinderschloss\u201c mit aufregenden Aktivit\u00e4ten f\u00fcr Kinder. Hier k\u00f6nnen Sie gemeinsam auf eine spannende Entdeckungsreise im Schloss gehen, Ausstellungen erkunden oder an kniffligen Wettbewerben teilnehmen und sich zur Prinzessin oder zum Ritter schlagen lassen.","robots":{"index":"index","follow":"follow","max-snippet":"max-snippet:-1","max-image-preview":"max-image-preview:large","max-video-preview":"max-video-preview:-1"},"canonical":"https:\/\/www.borgholmsslott.se\/de\/kinderschloss\/","og_locale":"de_DE","og_type":"article","og_title":"Kinderschloss - Borgholms slott","og_description":"Im Sommer verwandeln sich der Schlosshof und die k\u00f6niglichen H\u00e4user in das \u201eKinderschloss\u201c mit aufregenden Aktivit\u00e4ten f\u00fcr Kinder. Hier k\u00f6nnen Sie gemeinsam auf eine spannende Entdeckungsreise im Schloss gehen, Ausstellungen erkunden oder an kniffligen Wettbewerben teilnehmen und sich zur Prinzessin oder zum Ritter schlagen lassen.","og_url":"https:\/\/www.borgholmsslott.se\/de\/kinderschloss\/","og_site_name":"Borgholms slott","article_publisher":"https:\/\/www.facebook.com\/borgholmsslott","article_modified_time":"2026-03-23T06:16:52+00:00","og_image":[{"width":1500,"height":1001,"url":"https:\/\/www.borgholmsslott.se\/wp-content\/uploads\/2023\/07\/BORGHOLMS_SLOTT-23_webb.jpg","type":"image\/jpeg"}],"twitter_card":"summary_large_image","twitter_misc":{"Est. reading time":"2 Minuten"},"schema":{"@context":"https:\/\/schema.org","@graph":[{"@type":"WebPage","@id":"https:\/\/www.borgholmsslott.se\/de\/kinderschloss\/","url":"https:\/\/www.borgholmsslott.se\/de\/kinderschloss\/","name":"Kinderschloss - Borgholms slott","isPartOf":{"@id":"https:\/\/www.borgholmsslott.se\/#website"},"primaryImageOfPage":{"@id":"https:\/\/www.borgholmsslott.se\/de\/kinderschloss\/#primaryimage"},"image":{"@id":"https:\/\/www.borgholmsslott.se\/de\/kinderschloss\/#primaryimage"},"thumbnailUrl":"https:\/\/www.borgholmsslott.se\/wp-content\/uploads\/2023\/07\/BORGHOLMS_SLOTT-23_webb.jpg","datePublished":"2023-02-21T13:02:00+00:00","dateModified":"2026-03-23T06:16:52+00:00","description":"Im Sommer verwandeln sich der Schlosshof und die k\u00f6niglichen H\u00e4user in das \u201eKinderschloss\u201c mit aufregenden Aktivit\u00e4ten f\u00fcr Kinder. Hier k\u00f6nnen Sie gemeinsam auf eine spannende Entdeckungsreise im Schloss gehen, Ausstellungen erkunden oder an kniffligen Wettbewerben teilnehmen und sich zur Prinzessin oder zum Ritter schlagen lassen.","breadcrumb":{"@id":"https:\/\/www.borgholmsslott.se\/de\/kinderschloss\/#breadcrumb"},"inLanguage":"de-DE","potentialAction":[{"@type":"ReadAction","target":["https:\/\/www.borgholmsslott.se\/de\/kinderschloss\/"]}]},{"@type":"ImageObject","inLanguage":"de-DE","@id":"https:\/\/www.borgholmsslott.se\/de\/kinderschloss\/#primaryimage","url":"https:\/\/www.borgholmsslott.se\/wp-content\/uploads\/2023\/07\/BORGHOLMS_SLOTT-23_webb.jpg","contentUrl":"https:\/\/www.borgholmsslott.se\/wp-content\/uploads\/2023\/07\/BORGHOLMS_SLOTT-23_webb.jpg","width":1500,"height":1001},{"@type":"BreadcrumbList","@id":"https:\/\/www.borgholmsslott.se\/de\/kinderschloss\/#breadcrumb","itemListElement":[{"@type":"ListItem","position":1,"name":"Hem","item":"https:\/\/www.borgholmsslott.se\/de\/"},{"@type":"ListItem","position":2,"name":"Kinderschloss"}]},{"@type":"WebSite","@id":"https:\/\/www.borgholmsslott.se\/#website","url":"https:\/\/www.borgholmsslott.se\/","name":"Borgholms slott","description":"En till WordPress-webbplats","potentialAction":[{"@type":"SearchAction","target":{"@type":"EntryPoint","urlTemplate":"https:\/\/www.borgholmsslott.se\/?s={search_term_string}"},"query-input":{"@type":"PropertyValueSpecification","valueRequired":true,"valueName":"search_term_string"}}],"inLanguage":"de-DE"}]}},"publishpress_future_workflow_manual_trigger":{"enabledWorkflows":[]},"_links":{"self":[{"href":"https:\/\/www.borgholmsslott.se\/de\/wp-json\/wp\/v2\/pages\/3126","targetHints":{"allow":["GET"]}}],"collection":[{"href":"https:\/\/www.borgholmsslott.se\/de\/wp-json\/wp\/v2\/pages"}],"about":[{"href":"https:\/\/www.borgholmsslott.se\/de\/wp-json\/wp\/v2\/types\/page"}],"author":[{"embeddable":true,"href":"https:\/\/www.borgholmsslott.se\/de\/wp-json\/wp\/v2\/users\/1"}],"replies":[{"embeddable":true,"href":"https:\/\/www.borgholmsslott.se\/de\/wp-json\/wp\/v2\/comments?post=3126"}],"version-history":[{"count":0,"href":"https:\/\/www.borgholmsslott.se\/de\/wp-json\/wp\/v2\/pages\/3126\/revisions"}],"wp:featuredmedia":[{"embeddable":true,"href":"https:\/\/www.borgholmsslott.se\/de\/wp-json\/wp\/v2\/media\/3702"}],"wp:attachment":[{"href":"https:\/\/www.borgholmsslott.se\/de\/wp-json\/wp\/v2\/media?parent=3126"}],"curies":[{"name":"wp","href":"https:\/\/api.w.org\/{rel}","templated":true}]}}